{"id":22,"date":"2020-07-01T21:59:00","date_gmt":"2020-07-01T19:59:00","guid":{"rendered":"https:\/\/aurelin.de\/?page_id=22"},"modified":"2020-07-04T22:33:11","modified_gmt":"2020-07-04T20:33:11","slug":"impressum","status":"publish","type":"page","link":"https:\/\/aurelin.de\/?page_id=22","title":{"rendered":"Impressum"},"content":{"rendered":"\n<p class=\"has-text-align-left\">mein Name ist Aurelin.<\/p>\n\n\n\n<p class=\"has-text-align-left\">ich atme, ich lebe, ich liebe. <br>ich bin ich. und ich schreibe, fotografiere und f\u00fchre dieses Blog.<br>aber ich bin nicht adressierbar f\u00fcr die Anliegen von K\u00f6rperschaften, nur f\u00fcr Menschen.<\/p>\n\n\n\n<p class=\"has-text-align-left\">Adressierbar ist<\/p>\n\n\n\n<p>Alexander Nicolai<br>Sannentalstra\u00dfe 36<br>72555 Metzingen<\/p>\n\n\n\n<p class=\"has-text-align-left\">unter der e-mail-Adresse<\/p>\n\n\n\n<p>mail@aurelin.de<\/p>\n\n\n\n<p class=\"has-text-align-left\">erreicht man uns beide.<\/p>\n\n\n\n<p class=\"has-text-align-left\">oder Du rufst mich an<\/p>\n\n\n\n<p>01707359525<\/p>\n\n\n\n<p class=\"has-text-align-left\">aber falls Du mir was verkaufen m\u00f6chtest: forget it, ich hab eh kein Geld, ich steck im Insolvenzverfahren.<br>Das \u00fcbrigens auch f\u00fcr Volljuristen: bei mir ist echt nichts zu holen, aber Du darfst mich gern auf ein Abendessen einladen. Da sag ich nicht Nein, wenn\u2018s vegetarisch ist, gegebenenfalls esse ich halt Deinen Salat auch.<\/p>\n\n\n\n<p class=\"has-text-align-left\">Was gibt es sonst noch zu sagen?<br>Meinungen, ja. Jeder hat Dutzende davon, und jeder hat Recht. Aus seiner Perspektive. Und viele Perspektiven geben einen guten Blick auf das Ganze.<br>Trotzdem gibt es manches, das ich in den Kommentaren nicht dulden werde. Werbung zum Beispiel. Im Ernst: wenn er nicht stehen will, solltest Du Dir Gedanken \u00fcber Dein Leben machen und keine blauen Pillen einwerfen.<br>Und wenn wir schon beim Thema Erigieren sind:<br>ich dulde keine Hetze gegen Menschen, die andersartig sind, oder so empfunden werden. weder hier noch sonstwo.<\/p>\n\n\n\n<p class=\"has-text-align-left\">\u00dcbrigens verkaufe ich hier nichts, ich verschenke etwas. Gern darfst Du das weiter verschenken, Liebe ist das Einzige das w\u00e4chst, wenn man es teilt.<br>Aber bitte verkauf es nicht.<br>Tust Du es doch \u00fcberrede ich vielleicht eine Volljuristin beim Abendessen, ein Gesch\u00e4ft daraus zu machen, ich selbst mag mich mit so etwas gar nicht befassen.<\/p>\n\n\n\n<p class=\"has-text-align-left\">ich will nur schreiben. und lieben und leben.<br>ich will morgens neben einer wunderbaren Frau aufwachen und sie anstrahlen vor Gl\u00fcck, zwischendurch Yoga machen und meditieren, Sex, oh JA, au\u00dferdem tanzen, schwimmen, Bogen schiessen, gut kochen und essen, gerne auch mit Juristen und Betriebswirten, und abgesehen davon:<br>so vieles&#8230;<br>vor allem aber<\/p>\n\n\n\n<p>Alles Liebe<\/p>\n\n\n\n<p>Aurelin&nbsp;<\/p>\n\n\n\n<p>(am 1. Juli 2020)<\/p>\n","protected":false},"excerpt":{"rendered":"<p>mein Name ist Aurelin. ich atme, ich lebe, ich liebe. ich bin ich. und ich schreibe, fotografiere und f\u00fchre dieses Blog.aber ich bin nicht adressierbar f\u00fcr die Anliegen von K\u00f6rperschaften, nur f\u00fcr Menschen. Adressierbar ist Alexander NicolaiSannentalstra\u00dfe 3672555 Metzingen unter der e-mail-Adresse mail@aurelin.de erreicht man uns beide. oder Du rufst mich an 01707359525 aber falls [&hellip;]<\/p>\n","protected":false},"author":2,"featured_media":0,"parent":0,"menu_order":0,"comment_status":"closed","ping_status":"closed","template":"","meta":[],"_links":{"self":[{"href":"https:\/\/aurelin.de\/index.php?rest_route=\/wp\/v2\/pages\/22"}],"collection":[{"href":"https:\/\/aurelin.de\/index.php?rest_route=\/wp\/v2\/pages"}],"about":[{"href":"https:\/\/aurelin.de\/index.php?rest_route=\/wp\/v2\/types\/page"}],"author":[{"embeddable":true,"href":"https:\/\/aurelin.de\/index.php?rest_route=\/wp\/v2\/users\/2"}],"replies":[{"embeddable":true,"href":"https:\/\/aurelin.de\/index.php?rest_route=%2Fwp%2Fv2%2Fcomments&post=22"}],"version-history":[{"count":2,"href":"https:\/\/aurelin.de\/index.php?rest_route=\/wp\/v2\/pages\/22\/revisions"}],"predecessor-version":[{"id":39,"href":"https:\/\/aurelin.de\/index.php?rest_route=\/wp\/v2\/pages\/22\/revisions\/39"}],"wp:attachment":[{"href":"https:\/\/aurelin.de\/index.php?rest_route=%2Fwp%2Fv2%2Fmedia&parent=22"}],"curies":[{"name":"wp","href":"https:\/\/api.w.org\/{rel}","templated":true}]}}